{"id":4262,"date":"2018-12-01T23:18:40","date_gmt":"2018-12-01T23:18:40","guid":{"rendered":"https:\/\/themes.zytheme.com\/kolaso\/?page_id=4262"},"modified":"2024-04-14T01:09:23","modified_gmt":"2024-04-14T01:09:23","slug":"homepage-business","status":"publish","type":"page","link":"https:\/\/curiafilms.com\/","title":{"rendered":"Home"},"content":{"rendered":"<p>[vc_row full_width=&#8221;stretch_row&#8221; css=&#8221;.vc_custom_1699637188312{padding-top: 130px !important;padding-bottom: 110px !important;background-color: #000000 !important;}&#8221;][vc_column][vc_empty_space height=&#8221;20px&#8221;]<div  class=\"kolaso_heading\"><div class=\"heading  text-center text-dark heading-4\"><h4 class=\"heading-title\" style=\"color:#ffffff;\">En un mundo contaminado por lo visual ya no se busca solo el espacio, si no captar la atenci\u00f3n de las personas.<\/h4><\/div><\/div>[vc_empty_space height=&#8221;10px&#8221;][vc_wp_text]<\/p>\n<p style=\"text-align: center;\">\n<div class=\"wp-block-presto-player-reusable-edit\"><!--presto-player:video_id=3--><figure class=\"wp-block-video presto-block-video  presto-provider-self-hosted\" style=\"--plyr-color-main: var(--presto-player-highlight-color, #000000); --presto-player-logo-width: 150px; \">\n\t<presto-player \n\t\tpreset='{&quot;id&quot;:1,&quot;name&quot;:&quot;Default&quot;,&quot;slug&quot;:&quot;default&quot;,&quot;icon&quot;:&quot;format-video&quot;,&quot;skin&quot;:&quot;modern&quot;,&quot;play-large&quot;:true,&quot;rewind&quot;:true,&quot;play&quot;:true,&quot;fast-forward&quot;:true,&quot;progress&quot;:true,&quot;current-time&quot;:true,&quot;mute&quot;:true,&quot;volume&quot;:true,&quot;speed&quot;:false,&quot;pip&quot;:false,&quot;fullscreen&quot;:true,&quot;captions&quot;:false,&quot;reset_on_end&quot;:true,&quot;auto_hide&quot;:true,&quot;captions_enabled&quot;:false,&quot;save_player_position&quot;:true,&quot;sticky_scroll&quot;:false,&quot;sticky_scroll_position&quot;:&quot;bottom right&quot;,&quot;on_video_end&quot;:&quot;select&quot;,&quot;play_video_viewport&quot;:false,&quot;hide_youtube&quot;:false,&quot;lazy_load_youtube&quot;:false,&quot;hide_logo&quot;:false,&quot;border_radius&quot;:0,&quot;caption_style&quot;:&quot;&quot;,&quot;caption_background&quot;:&quot;&quot;,&quot;is_locked&quot;:true,&quot;cta&quot;:[&quot;&quot;],&quot;watermark&quot;:[&quot;&quot;],&quot;search&quot;:[&quot;&quot;],&quot;email_collection&quot;:[&quot;&quot;],&quot;action_bar&quot;:[&quot;&quot;],&quot;created_by&quot;:1,&quot;created_at&quot;:&quot;2023-11-14 19:14:43&quot;,&quot;updated_at&quot;:&quot;2023-11-14 19:14:43&quot;,&quot;deleted_at&quot;:&quot;&quot;,&quot;show_time_elapsed&quot;:false}'\n\t\tbranding='{&quot;logo&quot;:&quot;&quot;,&quot;color&quot;:&quot;#000000&quot;,&quot;logo_width&quot;:150,&quot;player_css&quot;:&quot;&quot;}'\n\t\tchapters='[]'\n\t\toverlays='[]'\n\t\ttracks='[]'\n\t\tblock-attributes='{&quot;playsInline&quot;:true,&quot;autoplay&quot;:true,&quot;preload&quot;:&quot;auto&quot;,&quot;id&quot;:3,&quot;attachment_id&quot;:5355,&quot;src&quot;:&quot;https:\\\/\\\/curiafilms.com\\\/wp-content\\\/uploads\\\/2023\\\/11\\\/CFDR24.mp4&quot;,&quot;poster&quot;:&quot;https:\\\/\\\/curiafilms.com\\\/wp-content\\\/uploads\\\/2023\\\/11\\\/production-team-shooting-some-video-movie-2022-11-17-13-49-56-utc-scaled.jpg&quot;,&quot;preset&quot;:1,&quot;visibility&quot;:&quot;public&quot;,&quot;color&quot;:&quot;#00b3ff&quot;,&quot;mutedPreview&quot;:{&quot;enabled&quot;:false,&quot;captions&quot;:false},&quot;mutedOverlay&quot;:{&quot;enabled&quot;:false,&quot;src&quot;:&quot;&quot;,&quot;width&quot;:200,&quot;focalPoint&quot;:{&quot;x&quot;:0.5,&quot;y&quot;:0.5}},&quot;mutedOverlayType&quot;:&quot;text&quot;,&quot;mutedOverlayText&quot;:&quot;Click to play&quot;,&quot;mutedOverlayImageWidth&quot;:200,&quot;chapters&quot;:[],&quot;overlays&quot;:[],&quot;tracks&quot;:[],&quot;title&quot;:&quot;CFDR24&quot;}'\n\t\tanalytics=''\n\t\tautomations\t\tprovider='self-hosted'\n\t\t\t\tid=\"presto-player-1\"\n\t\tsrc=\"https:\/\/curiafilms.com\/wp-content\/uploads\/2023\/11\/CFDR24.mp4\"\n\t\tmedia-title=\"CFDR24\"\n\t\tcss=\"\"\n\t\tclass=\"presto-video-id-3 presto-preset-id-1 skin-modern\"\n\t\tskin=\"modern\" \n\t\ticon-url=\"https:\/\/curiafilms.com\/wp-content\/plugins\/presto-player\/img\/sprite.svg\" \n\t\tpreload=\"auto\" \n\t\tposter=\"https:\/\/curiafilms.com\/wp-content\/uploads\/2023\/11\/production-team-shooting-some-video-movie-2022-11-17-13-49-56-utc-scaled.jpg\"\n\t\tyoutube=\"{&quot;noCookie&quot;:false,&quot;channelId&quot;:&quot;&quot;,&quot;show_count&quot;:false}\"\n\t\tprovider-video-id=\"\"\n\t\tvideo-id=\"3\"\n\t\t\t\tplaysinline \n\t\tautoplay\t\t>\n\t\t            <video controls preload=\"none\">\n            <source src=\"https:\/\/curiafilms.com\/wp-content\/uploads\/2023\/11\/CFDR24.mp4\" \/>\n        <\/video>\n    \n\n\t<\/presto-player>\n<\/figure>\t\t<script type=\"application\/ld+json\">\n\t\t\t{\"@context\":\"https:\\\/\\\/schema.org\",\"@type\":\"VideoObject\",\"name\":\"CFDR24\",\"thumbnailUrl\":\"https:\\\/\\\/curiafilms.com\\\/wp-content\\\/uploads\\\/2023\\\/11\\\/production-team-shooting-some-video-movie-2022-11-17-13-49-56-utc-scaled.jpg\",\"uploadDate\":\"2024-04-14T00:57:38+00:00\",\"contentUrl\":\"https:\\\/\\\/curiafilms.com\\\/wp-content\\\/uploads\\\/2023\\\/11\\\/CFDR24.mp4\"}\t\t<\/script>\n\t\t<\/div>\n<p>[\/vc_wp_text][vc_row_inner][vc_column_inner width=&#8221;1\/12&#8243; offset=&#8221;vc_col-lg-3 vc_col-md-3&#8243;][\/vc_column_inner][vc_column_inner width=&#8221;5\/6&#8243; offset=&#8221;vc_col-lg-6 vc_col-md-6&#8243;]<div  class=\"kolaso_heading\"><div class=\"heading  text-center text-dark heading-4\"><div class=\"heading-subtitle\" style=\"color:#ffffff;\">En Curia films nuestro grado de expertise nos permite mezclar t\u00e9cnicas profesionales que se ajustan a tus ideas e historias.<\/div> <h4 class=\"heading-title\" style=\"color:#ffffff;\"><\/h4><\/div><\/div>[\/vc_column_inner][vc_column_inner width=&#8221;1\/12&#8243; offset=&#8221;vc_col-lg-3 vc_col-md-3&#8243;][\/vc_column_inner][\/vc_row_inner]<div  class=\"kolaso_heading\"><div class=\"heading  text-center text-dark heading-4\"><h4 class=\"heading-title\" style=\"color:#ffffff;\">@curiafilms<\/h4><\/div><\/div>[vc_column_text]<\/p>\n<p style=\"text-align: center;\">\t\t<div id=\"instagram-gallery-feed-0\" class=\"instagram-gallery-feed\" data-feed=\"{&quot;id&quot;:0,&quot;account_id&quot;:&quot;24169078862706749&quot;,&quot;source&quot;:&quot;username&quot;,&quot;tag&quot;:&quot;wordpress&quot;,&quot;order_by&quot;:&quot;top_media&quot;,&quot;layout&quot;:&quot;gallery&quot;,&quot;limit&quot;:12,&quot;columns&quot;:3,&quot;spacing&quot;:10,&quot;lazy&quot;:false,&quot;responsive&quot;:{&quot;desktop&quot;:{&quot;columns&quot;:3,&quot;spacing&quot;:10},&quot;tablet&quot;:{&quot;columns&quot;:2,&quot;spacing&quot;:8},&quot;mobile&quot;:{&quot;columns&quot;:1,&quot;spacing&quot;:6},&quot;breakpoints&quot;:{&quot;tablet&quot;:768,&quot;mobile&quot;:480}},&quot;aspect_ratio&quot;:{&quot;width&quot;:1,&quot;height&quot;:1},&quot;highlight&quot;:{&quot;tag&quot;:&quot;&quot;,&quot;id&quot;:&quot;&quot;,&quot;position&quot;:&quot;1,3,5&quot;},&quot;reel&quot;:{&quot;hide&quot;:false},&quot;copyright&quot;:{&quot;hide&quot;:false,&quot;placeholder&quot;:&quot;&quot;},&quot;profile&quot;:{&quot;display&quot;:false,&quot;username&quot;:&quot;&quot;,&quot;nickname&quot;:&quot;&quot;,&quot;website&quot;:&quot;&quot;,&quot;biography&quot;:&quot;&quot;,&quot;link_text&quot;:&quot;Follow&quot;,&quot;website_text&quot;:&quot;Website&quot;,&quot;avatar&quot;:&quot;&quot;},&quot;box&quot;:{&quot;display&quot;:false,&quot;padding&quot;:1,&quot;radius&quot;:0,&quot;background&quot;:&quot;#fefefe&quot;,&quot;profile&quot;:false,&quot;desc&quot;:&quot;&quot;,&quot;text_color&quot;:&quot;#000000&quot;},&quot;mask&quot;:{&quot;display&quot;:true,&quot;background&quot;:&quot;#000000&quot;,&quot;icon_color&quot;:&quot;#ffffff&quot;,&quot;likes_count&quot;:true,&quot;comments_count&quot;:true},&quot;card&quot;:{&quot;display&quot;:false,&quot;radius&quot;:1,&quot;font_size&quot;:12,&quot;background&quot;:&quot;#ffffff&quot;,&quot;background_hover&quot;:&quot;#ffffff&quot;,&quot;text_color&quot;:&quot;#000000&quot;,&quot;padding&quot;:5,&quot;likes_count&quot;:true,&quot;text_length&quot;:10,&quot;comments_count&quot;:true,&quot;text_align&quot;:&quot;left&quot;},&quot;carousel&quot;:{&quot;centered_slides&quot;:false,&quot;autoplay&quot;:false,&quot;autoplay_interval&quot;:3000,&quot;navarrows&quot;:true,&quot;navarrows_color&quot;:&quot;&quot;,&quot;pagination&quot;:true,&quot;pagination_color&quot;:&quot;&quot;},&quot;modal&quot;:{&quot;display&quot;:true,&quot;profile&quot;:true,&quot;media_description&quot;:true,&quot;likes_count&quot;:true,&quot;comments_count&quot;:true,&quot;comments_list&quot;:false,&quot;text_align&quot;:&quot;left&quot;,&quot;modal_align&quot;:&quot;right&quot;,&quot;text_length&quot;:10000,&quot;font_size&quot;:12},&quot;button&quot;:{&quot;display&quot;:true,&quot;text&quot;:&quot;Ver m\\u00e1s en Instagram&quot;,&quot;text_color&quot;:&quot;#ffffff&quot;,&quot;background&quot;:&quot;#000000&quot;,&quot;background_hover&quot;:&quot;#000000&quot;},&quot;button_load&quot;:{&quot;display&quot;:false,&quot;text&quot;:&quot;Load more...&quot;,&quot;text_color&quot;:&quot;#ffff&quot;,&quot;background&quot;:&quot;&quot;,&quot;background_hover&quot;:&quot;&quot;}}\">\n\t\t<!-- <FeedContainer\/> -->\n\t\t<\/div>\n<p>[\/vc_column_text][\/vc_column][\/vc_row][vc_row full_width=&#8221;stretch_row_content_no_spaces&#8221; css=&#8221;.vc_custom_1702859126712{background-image: url(https:\/\/curiafilms.com\/wp-content\/uploads\/2023\/12\/elcinemotion.png?id=5231) !important;background-position: center !important;background-repeat: no-repeat !important;background-size: cover !important;}&#8221; el_id=&#8221;quienessomos&#8221;][vc_column][vc_empty_space height=&#8221;150px&#8221;]<div  class=\"kolaso_heading\"><div class=\"heading  text-center text-dark heading-4\"><h6 class=\"heading-title\" style=\"color:#ffffff;font-size:36px;\">\u00bfQuienes somos?<\/h6><\/div><\/div>[vc_empty_space height=&#8221;150px&#8221;][\/vc_column][\/vc_row][vc_row][vc_column css=&#8221;.vc_custom_1702852734976{padding-right: 25px !important;padding-left: 25px !important;}&#8221;][vc_empty_space height=&#8221;30px&#8221;][vc_column_text]<\/p>\n<p style=\"text-align: justify;\"><span style=\"color: #ffffff;\">Somos la nueva generaci\u00f3n de artistas y productores audiovisuales. Tenemos como meta generar el nuevo contenido art\u00edstico y comercial para las actuales y pr\u00f3ximas generaciones. Volver tangible lo meramente imaginable, hacer de lo imposible una realidad y alcanzable lo que est\u00e1 tan lejos de la percepci\u00f3n material.<\/span><\/p>\n<p style=\"text-align: justify;\"><span style=\"color: #ffffff;\">En Curia Films, abrazamos lo extraordinario mientras honramos las referencias del pasado. Nos sumergimos en riesgos audaces, trazando un camino seguro hacia la innovaci\u00f3n cinematogr\u00e1fica. Persiguiendo la autenticidad, fusionamos habilidades t\u00e9cnicas y tecnol\u00f3gicas en nuestra rutina diaria. Amamos crear nuevas tendencias, comprendiendo a fondo el negocio y el mercado del cine. Innovar y ser vanguardia es la esencia de Curia Films; siempre un paso adelante en la creaci\u00f3n de experiencias cinematogr\u00e1ficas \u00fanicas.<\/span><\/p>\n<p>[\/vc_column_text][vc_empty_space height=&#8221;60px&#8221;][\/vc_column][\/vc_row][vc_row][vc_column][vc_empty_space height=&#8221;60px&#8221;][\/vc_column][\/vc_row][vc_row full_width=&#8221;stretch_row_content_no_spaces&#8221; css=&#8221;.vc_custom_1702857412443{background-image: url(https:\/\/curiafilms.com\/wp-content\/uploads\/2023\/12\/CURIA-presskit_Pagina_7-e1702857273466.png?id=5331) !important;background-position: center !important;background-repeat: no-repeat !important;background-size: cover !important;}&#8221;][vc_column][vc_empty_space height=&#8221;150px&#8221;]<div  class=\"kolaso_heading\"><div class=\"heading  text-center text-dark heading-4\"><h6 class=\"heading-title\" style=\"color:#ffffff;font-size:36px;\">Servicios Audiovisuales<\/h6><\/div><\/div>[vc_empty_space height=&#8221;150px&#8221;][\/vc_column][\/vc_row][vc_row full_width=&#8221;stretch_row&#8221; css=&#8221;.vc_custom_1555325273244{padding-top: 100px !important;padding-bottom: 100px !important;}&#8221;][vc_column width=&#8221;5\/12&#8243;]<div  class=\"kolaso_heading\"><div class=\"heading  text-left heading-1\"><div class=\"heading-subtitle\" style=\"\">Si lo puedes imaginar, nosotros lo creamos.<\/div> <h2 class=\"heading-title\" style=\"\">Enamorate de nuestro servicio, siente el placer de trabajar con los disruptivos, los que rompen esquemas.<\/h2><\/div><\/div>[vc_empty_space][vc_column_text]<\/p>\n<p style=\"text-align: justify;\">Pasamos por un proceso minucioso de desarrollo, preproducci\u00f3n, producci\u00f3n y postproducci\u00f3n, desde la gesti\u00f3n del proyecto, crear un gui\u00f3n, la organizaci\u00f3n de recursos materiales, t\u00e9cnicos, humanos y financieros, la ejecuci\u00f3n de realizaci\u00f3n, el armado en el montaje, edici\u00f3n y lanzamiento.<\/p>\n<p>[\/vc_column_text][vc_empty_space]<div  class=\"kolaso_button btn-center \"><a href=\"https:\/\/api.whatsapp.com\/send?phone=5215546479568&#038;text=%C2%A1Hola!%2C%20deseo%20informaci%C3%B3n%20sobre%20sus%20servicios.\" title=\"Cont\u00e1ctanos\" target=\"_self\" class=\"btn btn-white btn-rounded btn-shadow\" style=\"background-color:;\">Cont\u00e1ctanos<\/a><\/div>[\/vc_column][vc_column width=&#8221;1\/12&#8243;][\/vc_column][vc_column width=&#8221;6\/12&#8243;][vc_empty_space][vc_empty_space][vc_row_inner][vc_column_inner width=&#8221;1\/2&#8243;]<div  class=\"zytheme_features features features-5\"><div class=\"feature-panel text-left\"><div class=\"feature-icon\"><i class=\"kolaso-Play-Icon\"><\/i><\/div><!-- .feature-icon end --><div class=\"feature-content\"><h4>Video<\/h4><p>Da vida a tus ideas con nuestra producci\u00f3n de video, Transformamos conceptos en relatos visuales cautivadores, desde la idea hasta la postproducci\u00f3n. Eleva tu contenido con pasi\u00f3n cinematogr\u00e1fica.<\/p><\/div><!-- .feature-content end --><\/div><\/div>[vc_empty_space height=&#8221;50px&#8221;][\/vc_column_inner][vc_column_inner width=&#8221;1\/2&#8243;]<div  class=\"zytheme_features features features-5\"><div class=\"feature-panel text-left\"><div class=\"feature-icon\"><i class=\"fa fa-camera\"><\/i><\/div><!-- .feature-icon end --><div class=\"feature-content\"><h4>Fotograf\u00eda<\/h4><p>Capturamos momentos inolvidables. Desde retratos hasta eventos conceptuales, nuestro equipo de fot\u00f3grafos expertos inmortaliza cada instante con un enfoque art\u00edstico y profesional.<\/p><\/div><!-- .feature-content end --><\/div><\/div>[vc_empty_space height=&#8221;50px&#8221;][\/vc_column_inner][\/vc_row_inner][vc_row_inner][vc_column_inner width=&#8221;1\/2&#8243;]<div  class=\"zytheme_features features features-5\"><div class=\"feature-panel text-left\"><div class=\"feature-icon\"><i class=\"fa fa-film\"><\/i><\/div><!-- .feature-icon end --><div class=\"feature-content\"><h4>Cine y Arte<\/h4><p>Sum\u00e9rgete en la magia del cine y el arte con Curia Films. Desde cortometrajes impactantes hasta proyectos art\u00edsticos vanguardistas, cada producci\u00f3n es una expresi\u00f3n \u00fanica de creatividad y dedicaci\u00f3n.<\/p><\/div><!-- .feature-content end --><\/div><\/div>[\/vc_column_inner][vc_column_inner width=&#8221;1\/2&#8243;]<div  class=\"zytheme_features features features-5\"><div class=\"feature-panel text-left\"><div class=\"feature-icon\"><i class=\"fa fa-television\"><\/i><\/div><!-- .feature-icon end --><div class=\"feature-content\"><h4>Dise\u00f1o e Ilustraci\u00f3n<\/h4><p>Transforma tus ideas en im\u00e1genes vibrantes, cada trazo cuenta una historia, cada color evoca una emoci\u00f3n. Deja una impresi\u00f3n duradera con nuestro equipo de artistas visuales.<\/p><\/div><!-- .feature-content end --><\/div><\/div>[\/vc_column_inner][\/vc_row_inner][\/vc_column][\/vc_row]<\/p>\n","protected":false},"excerpt":{"rendered":"<p>[vc_row full_width=&#8221;stretch_row&#8221; css=&#8221;.vc_custom_1699637188312{padding-top: 130px !important;padding-bottom: 110px !important;background-color: #000000 !important;}&#8221;][vc_column][vc_empty_space height=&#8221;20px&#8221;][vc_empty_space height=&#8221;10px&#8221;][vc_wp_text] [\/vc_wp_text][vc_row_inner][vc_column_inner width=&#8221;1\/12&#8243; offset=&#8221;vc_col-lg-3 vc_col-md-3&#8243;][\/vc_column_inner][vc_column_inner width=&#8221;5\/6&#8243; offset=&#8221;vc_col-lg-6 vc_col-md-6&#8243;][\/vc_column_inner][vc_column_inner width=&#8221;1\/12&#8243; offset=&#8221;vc_col-lg-3 vc_col-md-3&#8243;][\/vc_column_inner][\/vc_row_inner][vc_column_text] [\/vc_column_text][\/vc_column][\/vc_row][vc_row full_width=&#8221;stretch_row_content_no_spaces&#8221; css=&#8221;.vc_custom_1702859126712{background-image: url(https:\/\/curiafilms.com\/wp-content\/uploads\/2023\/12\/elcinemotion.png?id=5231) !important;background-position: center !important;background-repeat: no-repeat !important;background-size: cover !important;}&#8221; el_id=&#8221;quienessomos&#8221;][vc_column][vc_empty_space height=&#8221;150px&#8221;][vc_empty_space height=&#8221;150px&#8221;][\/vc_column][\/vc_row][vc_row][vc_column css=&#8221;.vc_custom_1702852734976{padding-right: 25px !important;padding-left: 25px !important;}&#8221;][vc_empty_space height=&#8221;30px&#8221;][vc_column_text] Somos la nueva generaci\u00f3n de artistas y productores audiovisuales. Tenemos como meta generar el [&hellip;]<\/p>\n","protected":false},"author":1,"featured_media":0,"parent":0,"menu_order":0,"comment_status":"closed","ping_status":"closed","template":"","meta":{"footnotes":""},"class_list":["post-4262","page","type-page","status-publish","hentry"],"_links":{"self":[{"href":"https:\/\/curiafilms.com\/index.php\/wp-json\/wp\/v2\/pages\/4262","targetHints":{"allow":["GET"]}}],"collection":[{"href":"https:\/\/curiafilms.com\/index.php\/wp-json\/wp\/v2\/pages"}],"about":[{"href":"https:\/\/curiafilms.com\/index.php\/wp-json\/wp\/v2\/types\/page"}],"author":[{"embeddable":true,"href":"https:\/\/curiafilms.com\/index.php\/wp-json\/wp\/v2\/users\/1"}],"replies":[{"embeddable":true,"href":"https:\/\/curiafilms.com\/index.php\/wp-json\/wp\/v2\/comments?post=4262"}],"version-history":[{"count":84,"href":"https:\/\/curiafilms.com\/index.php\/wp-json\/wp\/v2\/pages\/4262\/revisions"}],"predecessor-version":[{"id":5359,"href":"https:\/\/curiafilms.com\/index.php\/wp-json\/wp\/v2\/pages\/4262\/revisions\/5359"}],"wp:attachment":[{"href":"https:\/\/curiafilms.com\/index.php\/wp-json\/wp\/v2\/media?parent=4262"}],"curies":[{"name":"wp","href":"https:\/\/api.w.org\/{rel}","templated":true}]}}