{"id":5439,"date":"2024-04-24T21:28:44","date_gmt":"2024-04-24T21:28:44","guid":{"rendered":"https:\/\/curiafilms.com\/?page_id=5439"},"modified":"2024-07-29T01:27:35","modified_gmt":"2024-07-29T01:27:35","slug":"video","status":"publish","type":"page","link":"https:\/\/curiafilms.com\/index.php\/video\/","title":{"rendered":"Video"},"content":{"rendered":"<p>[vc_row css=&#8221;.vc_custom_1713229580882{background-color: #000000 !important;}&#8221;][vc_column][vc_empty_space height=&#8221;100px&#8221;][\/vc_column][\/vc_row][vc_row full_width=&#8221;stretch_row_content_no_spaces&#8221; css=&#8221;.vc_custom_1713994604563{background-image: url(https:\/\/curiafilms.com\/wp-content\/uploads\/2024\/04\/cinema_room-1.png?id=5441) !important;background-position: center !important;background-repeat: no-repeat !important;background-size: cover !important;}&#8221;][vc_column width=&#8221;1\/3&#8243;][\/vc_column][vc_column width=&#8221;1\/3&#8243;][vc_empty_space height=&#8221;150px&#8221;]<div  class=\"kolaso_heading\"><div class=\"heading  text-center text-dark heading-4\"><h6 class=\"heading-title\" style=\"color:#ffffff;font-size:36px;\">Video<\/h6><\/div><\/div>[vc_empty_space height=&#8221;10px&#8221;][vc_column_text css=&#8221;.vc_custom_1722216428195{padding-right: 10px !important;padding-left: 10px !important;}&#8221;]<\/p>\n<p style=\"text-align: justify;\"><span style=\"color: #ffffff;\">Curia Films es tu socio ideal para la producci\u00f3n de videos de alta calidad. Con un enfoque centrado en tus objetivos, creamos contenido visual impactante que conecta con tu audiencia y genera resultados tangibles.<\/span><\/p>\n<p>[\/vc_column_text][vc_empty_space height=&#8221;150px&#8221;][\/vc_column][vc_column width=&#8221;1\/3&#8243;][\/vc_column][\/vc_row][vc_row full_width=&#8221;stretch_row_content_no_spaces&#8221; css=&#8221;.vc_custom_1714087962691{background-image: url(https:\/\/curiafilms.com\/wp-content\/uploads\/2024\/04\/vista-proyector-luz-blanco-negro-teatro_23-2151184685.png?id=5449) !important;background-position: center !important;background-repeat: no-repeat !important;background-size: cover !important;}&#8221;][vc_column width=&#8221;1\/3&#8243;][\/vc_column][vc_column width=&#8221;1\/3&#8243;][vc_empty_space height=&#8221;75px&#8221;][vc_icon icon_fontawesome=&#8221;fas fa-industry&#8221; color=&#8221;white&#8221; size=&#8221;xl&#8221; align=&#8221;center&#8221;]<div  class=\"kolaso_heading\"><div class=\"heading  text-center heading-1\"><div class=\"heading-subtitle\" style=\"\">&gt; Servicios Corporativos:<\/div> <h2 class=\"heading-title\" style=\"\"><\/h2><\/div><\/div>[vc_column_text]<span style=\"color: #ffffff;\">&gt; Videos institucionales que destacan la esencia de tu empresa.<\/span><\/p>\n<p><span style=\"color: #ffffff;\">&gt; Comunicaci\u00f3n interna para motivar a tu equipo y fortalecer la cultura organizacional.<\/span><\/p>\n<p><span style=\"color: #ffffff;\">&gt; Capacitaci\u00f3n a trav\u00e9s de videos did\u00e1cticos y de alta calidad<\/span>[\/vc_column_text][vc_column_text]<\/p>\n<p style=\"text-align: center;\">\n<div class=\"wp-block-presto-player-reusable-edit\"><!--presto-player:video_id=5--><figure class=\"wp-block-video presto-block-video  presto-provider-self-hosted\" style=\"--plyr-color-main: var(--presto-player-highlight-color, #000000); --presto-player-logo-width: 150px; \">\n\t<presto-player \n\t\tpreset='{&quot;id&quot;:1,&quot;name&quot;:&quot;Default&quot;,&quot;slug&quot;:&quot;default&quot;,&quot;icon&quot;:&quot;format-video&quot;,&quot;skin&quot;:&quot;modern&quot;,&quot;play-large&quot;:true,&quot;rewind&quot;:true,&quot;play&quot;:true,&quot;fast-forward&quot;:true,&quot;progress&quot;:true,&quot;current-time&quot;:true,&quot;mute&quot;:true,&quot;volume&quot;:true,&quot;speed&quot;:false,&quot;pip&quot;:false,&quot;fullscreen&quot;:true,&quot;captions&quot;:false,&quot;reset_on_end&quot;:true,&quot;auto_hide&quot;:true,&quot;captions_enabled&quot;:false,&quot;save_player_position&quot;:true,&quot;sticky_scroll&quot;:false,&quot;sticky_scroll_position&quot;:&quot;bottom right&quot;,&quot;on_video_end&quot;:&quot;select&quot;,&quot;play_video_viewport&quot;:false,&quot;hide_youtube&quot;:false,&quot;lazy_load_youtube&quot;:false,&quot;hide_logo&quot;:false,&quot;border_radius&quot;:0,&quot;caption_style&quot;:&quot;&quot;,&quot;caption_background&quot;:&quot;&quot;,&quot;is_locked&quot;:true,&quot;cta&quot;:[&quot;&quot;],&quot;watermark&quot;:[&quot;&quot;],&quot;search&quot;:[&quot;&quot;],&quot;email_collection&quot;:[&quot;&quot;],&quot;action_bar&quot;:[&quot;&quot;],&quot;created_by&quot;:1,&quot;created_at&quot;:&quot;2023-11-14 19:14:43&quot;,&quot;updated_at&quot;:&quot;2023-11-14 19:14:43&quot;,&quot;deleted_at&quot;:&quot;&quot;,&quot;show_time_elapsed&quot;:false}'\n\t\tbranding='{&quot;logo&quot;:&quot;&quot;,&quot;color&quot;:&quot;#000000&quot;,&quot;logo_width&quot;:150,&quot;player_css&quot;:&quot;&quot;}'\n\t\tchapters='[]'\n\t\toverlays='[]'\n\t\ttracks='[]'\n\t\tblock-attributes='{&quot;playsInline&quot;:true,&quot;id&quot;:5,&quot;attachment_id&quot;:5607,&quot;src&quot;:&quot;https:\\\/\\\/curiafilms.com\\\/wp-content\\\/uploads\\\/2024\\\/06\\\/Pemex_Proyecto.mp4&quot;,&quot;preset&quot;:1,&quot;visibility&quot;:&quot;public&quot;,&quot;color&quot;:&quot;#00b3ff&quot;,&quot;mutedPreview&quot;:{&quot;enabled&quot;:false,&quot;captions&quot;:false},&quot;mutedOverlay&quot;:{&quot;enabled&quot;:false,&quot;src&quot;:&quot;&quot;,&quot;width&quot;:200,&quot;focalPoint&quot;:{&quot;x&quot;:0.5,&quot;y&quot;:0.5}},&quot;mutedOverlayType&quot;:&quot;text&quot;,&quot;mutedOverlayText&quot;:&quot;Click to play&quot;,&quot;mutedOverlayImageWidth&quot;:200,&quot;chapters&quot;:[],&quot;overlays&quot;:[],&quot;tracks&quot;:[],&quot;title&quot;:&quot;Pemex_Proyecto&quot;}'\n\t\tanalytics=''\n\t\tautomations\t\tprovider='self-hosted'\n\t\t\t\tid=\"presto-player-1\"\n\t\tsrc=\"https:\/\/curiafilms.com\/wp-content\/uploads\/2024\/06\/Pemex_Proyecto.mp4\"\n\t\tmedia-title=\"Pemex_Proyecto\"\n\t\tcss=\"\"\n\t\tclass=\"presto-video-id-5 presto-preset-id-1 skin-modern\"\n\t\tskin=\"modern\" \n\t\ticon-url=\"https:\/\/curiafilms.com\/wp-content\/plugins\/presto-player\/img\/sprite.svg\" \n\t\tpreload=\"\" \n\t\tposter=\"\"\n\t\tyoutube=\"{&quot;noCookie&quot;:false,&quot;channelId&quot;:&quot;&quot;,&quot;show_count&quot;:false}\"\n\t\tprovider-video-id=\"\"\n\t\tvideo-id=\"5\"\n\t\t\t\tplaysinline \n\t\t\t\t>\n\t\t            <video controls preload=\"none\">\n            <source src=\"https:\/\/curiafilms.com\/wp-content\/uploads\/2024\/06\/Pemex_Proyecto.mp4\" \/>\n        <\/video>\n    \n\n\t<\/presto-player>\n<\/figure><\/div>\n<p>[\/vc_column_text][vc_empty_space height=&#8221;40px&#8221;][vc_icon icon_fontawesome=&#8221;far fa-registered&#8221; color=&#8221;white&#8221; size=&#8221;xl&#8221; align=&#8221;center&#8221;]<div  class=\"kolaso_heading\"><div class=\"heading  text-center heading-1\"><div class=\"heading-subtitle\" style=\"\">&gt; Servicios para Marcas y Negocios:<\/div> <h2 class=\"heading-title\" style=\"\"><\/h2><\/div><\/div>[vc_column_text]<span style=\"color: #ffffff;\">&gt; Videos comerciales para aumentar tu alcance y mejorar la percepci\u00f3n de tu marca.<\/span><\/p>\n<p><span style=\"color: #ffffff;\">&gt; Contenidos de marca para posicionarte como l\u00edder del sector y aumentar tu credibilidad.<\/span><\/p>\n<p><span style=\"color: #ffffff;\">&gt; Testimoniales aut\u00e9nticos que demuestran la efectividad de tus soluciones.<\/span>[\/vc_column_text][vc_column_text]<\/p>\n<p style=\"text-align: center;\">\n<div class=\"wp-block-presto-player-reusable-edit\"><!--presto-player:video_id=4--><figure class=\"wp-block-video presto-block-video  presto-provider-self-hosted\" style=\"--plyr-color-main: var(--presto-player-highlight-color, #000000); --presto-player-logo-width: 150px; \">\n\t<presto-player \n\t\tpreset='{&quot;id&quot;:1,&quot;name&quot;:&quot;Default&quot;,&quot;slug&quot;:&quot;default&quot;,&quot;icon&quot;:&quot;format-video&quot;,&quot;skin&quot;:&quot;modern&quot;,&quot;play-large&quot;:true,&quot;rewind&quot;:true,&quot;play&quot;:true,&quot;fast-forward&quot;:true,&quot;progress&quot;:true,&quot;current-time&quot;:true,&quot;mute&quot;:true,&quot;volume&quot;:true,&quot;speed&quot;:false,&quot;pip&quot;:false,&quot;fullscreen&quot;:true,&quot;captions&quot;:false,&quot;reset_on_end&quot;:true,&quot;auto_hide&quot;:true,&quot;captions_enabled&quot;:false,&quot;save_player_position&quot;:true,&quot;sticky_scroll&quot;:false,&quot;sticky_scroll_position&quot;:&quot;bottom right&quot;,&quot;on_video_end&quot;:&quot;select&quot;,&quot;play_video_viewport&quot;:false,&quot;hide_youtube&quot;:false,&quot;lazy_load_youtube&quot;:false,&quot;hide_logo&quot;:false,&quot;border_radius&quot;:0,&quot;caption_style&quot;:&quot;&quot;,&quot;caption_background&quot;:&quot;&quot;,&quot;is_locked&quot;:true,&quot;cta&quot;:[&quot;&quot;],&quot;watermark&quot;:[&quot;&quot;],&quot;search&quot;:[&quot;&quot;],&quot;email_collection&quot;:[&quot;&quot;],&quot;action_bar&quot;:[&quot;&quot;],&quot;created_by&quot;:1,&quot;created_at&quot;:&quot;2023-11-14 19:14:43&quot;,&quot;updated_at&quot;:&quot;2023-11-14 19:14:43&quot;,&quot;deleted_at&quot;:&quot;&quot;,&quot;show_time_elapsed&quot;:false}'\n\t\tbranding='{&quot;logo&quot;:&quot;&quot;,&quot;color&quot;:&quot;#000000&quot;,&quot;logo_width&quot;:150,&quot;player_css&quot;:&quot;&quot;}'\n\t\tchapters='[]'\n\t\toverlays='[]'\n\t\ttracks='[]'\n\t\tblock-attributes='{&quot;playsInline&quot;:true,&quot;autoplay&quot;:false,&quot;preload&quot;:&quot;auto&quot;,&quot;id&quot;:4,&quot;attachment_id&quot;:5475,&quot;src&quot;:&quot;https:\\\/\\\/curiafilms.com\\\/wp-content\\\/uploads\\\/2024\\\/04\\\/Horizontal-30-seg.mov&quot;,&quot;poster&quot;:&quot;https:\\\/\\\/curiafilms.com\\\/wp-content\\\/uploads\\\/2024\\\/04\\\/popeyes-cdmx.jpeg&quot;,&quot;preset&quot;:1,&quot;visibility&quot;:&quot;public&quot;,&quot;color&quot;:&quot;#00b3ff&quot;,&quot;mutedPreview&quot;:{&quot;enabled&quot;:false,&quot;captions&quot;:false},&quot;mutedOverlay&quot;:{&quot;enabled&quot;:false,&quot;src&quot;:&quot;&quot;,&quot;width&quot;:200,&quot;focalPoint&quot;:{&quot;x&quot;:0.5,&quot;y&quot;:0.5}},&quot;mutedOverlayType&quot;:&quot;text&quot;,&quot;mutedOverlayText&quot;:&quot;Click to play&quot;,&quot;mutedOverlayImageWidth&quot;:200,&quot;chapters&quot;:[],&quot;overlays&quot;:[],&quot;tracks&quot;:[],&quot;title&quot;:&quot;Horizontal 30 seg&quot;}'\n\t\tanalytics=''\n\t\tautomations\t\tprovider='self-hosted'\n\t\t\t\tid=\"presto-player-2\"\n\t\tsrc=\"https:\/\/curiafilms.com\/wp-content\/uploads\/2024\/04\/Horizontal-30-seg.mov\"\n\t\tmedia-title=\"Horizontal 30 seg\"\n\t\tcss=\"\"\n\t\tclass=\"presto-video-id-4 presto-preset-id-1 skin-modern\"\n\t\tskin=\"modern\" \n\t\ticon-url=\"https:\/\/curiafilms.com\/wp-content\/plugins\/presto-player\/img\/sprite.svg\" \n\t\tpreload=\"auto\" \n\t\tposter=\"https:\/\/curiafilms.com\/wp-content\/uploads\/2024\/04\/popeyes-cdmx.jpeg\"\n\t\tyoutube=\"{&quot;noCookie&quot;:false,&quot;channelId&quot;:&quot;&quot;,&quot;show_count&quot;:false}\"\n\t\tprovider-video-id=\"\"\n\t\tvideo-id=\"4\"\n\t\t\t\tplaysinline \n\t\t\t\t>\n\t\t            <video controls preload=\"none\">\n            <source src=\"https:\/\/curiafilms.com\/wp-content\/uploads\/2024\/04\/Horizontal-30-seg.mov\" \/>\n        <\/video>\n    \n\n\t<\/presto-player>\n<\/figure>\t\t<script type=\"application\/ld+json\">\n\t\t\t{\"@context\":\"https:\\\/\\\/schema.org\",\"@type\":\"VideoObject\",\"name\":\"Horizontal 30 seg\",\"thumbnailUrl\":\"https:\\\/\\\/curiafilms.com\\\/wp-content\\\/uploads\\\/2024\\\/04\\\/popeyes-cdmx.jpeg\",\"uploadDate\":\"2024-04-25T23:43:34+00:00\",\"contentUrl\":\"https:\\\/\\\/curiafilms.com\\\/wp-content\\\/uploads\\\/2024\\\/04\\\/Horizontal-30-seg.mov\"}\t\t<\/script>\n\t\t<\/div>\n<p>[\/vc_column_text][vc_empty_space height=&#8221;40px&#8221;][vc_icon icon_fontawesome=&#8221;fas fa-comments-dollar&#8221; color=&#8221;white&#8221; size=&#8221;xl&#8221; align=&#8221;center&#8221;]<div  class=\"kolaso_heading\"><div class=\"heading  text-center heading-1\"><div class=\"heading-subtitle\" style=\"\">&gt; Servicios para Agencias:<\/div> <h2 class=\"heading-title\" style=\"\"><\/h2><\/div><\/div>[vc_column_text]<span style=\"color: #ffffff;\">&gt; Producci\u00f3n de videos profesionales para ofrecer a tus clientes.<\/span><\/p>\n<p><span style=\"color: #ffffff;\">&gt; Streaming en vivo para llegar a audiencias ilimitadas y mantenerse conectado en tiempo real.<\/span><\/p>\n<p><span style=\"color: #ffffff;\">&gt; Subtitulado para romper las barreras del idioma y mejorar la accesibilidad.<\/span>[\/vc_column_text][vc_column_text]<\/p>\n<p style=\"text-align: center;\">\n<div class=\"wp-block-presto-player-reusable-edit\"><!--presto-player:video_id=6--><figure class=\"wp-block-video presto-block-video  presto-provider-self-hosted\" style=\"--plyr-color-main: var(--presto-player-highlight-color, #000000); --presto-player-logo-width: 150px; \">\n\t<presto-player \n\t\tpreset='{&quot;id&quot;:1,&quot;name&quot;:&quot;Default&quot;,&quot;slug&quot;:&quot;default&quot;,&quot;icon&quot;:&quot;format-video&quot;,&quot;skin&quot;:&quot;modern&quot;,&quot;play-large&quot;:true,&quot;rewind&quot;:true,&quot;play&quot;:true,&quot;fast-forward&quot;:true,&quot;progress&quot;:true,&quot;current-time&quot;:true,&quot;mute&quot;:true,&quot;volume&quot;:true,&quot;speed&quot;:false,&quot;pip&quot;:false,&quot;fullscreen&quot;:true,&quot;captions&quot;:false,&quot;reset_on_end&quot;:true,&quot;auto_hide&quot;:true,&quot;captions_enabled&quot;:false,&quot;save_player_position&quot;:true,&quot;sticky_scroll&quot;:false,&quot;sticky_scroll_position&quot;:&quot;bottom right&quot;,&quot;on_video_end&quot;:&quot;select&quot;,&quot;play_video_viewport&quot;:false,&quot;hide_youtube&quot;:false,&quot;lazy_load_youtube&quot;:false,&quot;hide_logo&quot;:false,&quot;border_radius&quot;:0,&quot;caption_style&quot;:&quot;&quot;,&quot;caption_background&quot;:&quot;&quot;,&quot;is_locked&quot;:true,&quot;cta&quot;:[&quot;&quot;],&quot;watermark&quot;:[&quot;&quot;],&quot;search&quot;:[&quot;&quot;],&quot;email_collection&quot;:[&quot;&quot;],&quot;action_bar&quot;:[&quot;&quot;],&quot;created_by&quot;:1,&quot;created_at&quot;:&quot;2023-11-14 19:14:43&quot;,&quot;updated_at&quot;:&quot;2023-11-14 19:14:43&quot;,&quot;deleted_at&quot;:&quot;&quot;,&quot;show_time_elapsed&quot;:false}'\n\t\tbranding='{&quot;logo&quot;:&quot;&quot;,&quot;color&quot;:&quot;#000000&quot;,&quot;logo_width&quot;:150,&quot;player_css&quot;:&quot;&quot;}'\n\t\tchapters='[]'\n\t\toverlays='[]'\n\t\ttracks='[]'\n\t\tblock-attributes='{&quot;playsInline&quot;:true,&quot;id&quot;:6,&quot;attachment_id&quot;:5612,&quot;src&quot;:&quot;https:\\\/\\\/curiafilms.com\\\/wp-content\\\/uploads\\\/2024\\\/06\\\/Zombie_Curia_Proyecto.mp4&quot;,&quot;preset&quot;:1,&quot;visibility&quot;:&quot;public&quot;,&quot;color&quot;:&quot;#00b3ff&quot;,&quot;mutedPreview&quot;:{&quot;enabled&quot;:false,&quot;captions&quot;:false},&quot;mutedOverlay&quot;:{&quot;enabled&quot;:false,&quot;src&quot;:&quot;&quot;,&quot;width&quot;:200,&quot;focalPoint&quot;:{&quot;x&quot;:0.5,&quot;y&quot;:0.5}},&quot;mutedOverlayType&quot;:&quot;text&quot;,&quot;mutedOverlayText&quot;:&quot;Click to play&quot;,&quot;mutedOverlayImageWidth&quot;:200,&quot;chapters&quot;:[],&quot;overlays&quot;:[],&quot;tracks&quot;:[],&quot;title&quot;:&quot;Zombie_Curia_Proyecto&quot;}'\n\t\tanalytics=''\n\t\tautomations\t\tprovider='self-hosted'\n\t\t\t\tid=\"presto-player-3\"\n\t\tsrc=\"https:\/\/curiafilms.com\/wp-content\/uploads\/2024\/06\/Zombie_Curia_Proyecto.mp4\"\n\t\tmedia-title=\"Zombie_Curia_Proyecto\"\n\t\tcss=\"\"\n\t\tclass=\"presto-video-id-6 presto-preset-id-1 skin-modern\"\n\t\tskin=\"modern\" \n\t\ticon-url=\"https:\/\/curiafilms.com\/wp-content\/plugins\/presto-player\/img\/sprite.svg\" \n\t\tpreload=\"\" \n\t\tposter=\"\"\n\t\tyoutube=\"{&quot;noCookie&quot;:false,&quot;channelId&quot;:&quot;&quot;,&quot;show_count&quot;:false}\"\n\t\tprovider-video-id=\"\"\n\t\tvideo-id=\"6\"\n\t\t\t\tplaysinline \n\t\t\t\t>\n\t\t            <video controls preload=\"none\">\n            <source src=\"https:\/\/curiafilms.com\/wp-content\/uploads\/2024\/06\/Zombie_Curia_Proyecto.mp4\" \/>\n        <\/video>\n    \n\n\t<\/presto-player>\n<\/figure><\/div>\n<p>[\/vc_column_text][vc_empty_space height=&#8221;75px&#8221;][\/vc_column][vc_column width=&#8221;1\/3&#8243;][\/vc_column][\/vc_row][vc_row full_width=&#8221;stretch_row&#8221; css=&#8221;.vc_custom_1555325273244{padding-top: 100px !important;padding-bottom: 100px !important;}&#8221;][vc_column]<div  class=\"kolaso_heading\"><div class=\"heading  text-left heading-1\"><div class=\"heading-subtitle\" style=\"\">Si lo puedes imaginar, nosotros lo creamos.<\/div> <h2 class=\"heading-title\" style=\"\">Enamorate de nuestro servicio, siente el placer de trabajar con los disruptivos, los que rompen esquemas.<\/h2><\/div><\/div>[vc_empty_space][vc_column_text]<\/p>\n<p style=\"text-align: justify;\">Pasamos por un proceso minucioso de desarrollo, preproducci\u00f3n, producci\u00f3n y postproducci\u00f3n, desde la gesti\u00f3n del proyecto, crear un gui\u00f3n, la organizaci\u00f3n de recursos materiales, t\u00e9cnicos, humanos y financieros, la ejecuci\u00f3n de realizaci\u00f3n, el armado en el montaje, edici\u00f3n y lanzamiento.<\/p>\n<p>[\/vc_column_text][vc_empty_space]<div  class=\"kolaso_button btn-center \"><a href=\"https:\/\/api.whatsapp.com\/send?phone=5215546479568&#038;text=%C2%A1Hola!%2C%20deseo%20informaci%C3%B3n%20sobre%20sus%20servicios.\" title=\"Cont\u00e1ctanos\" target=\"_self\" class=\"btn btn-white btn-rounded btn-shadow\" style=\"background-color:;\">Cont\u00e1ctanos<\/a><\/div>[\/vc_column][\/vc_row]<\/p>\n","protected":false},"excerpt":{"rendered":"<p>[vc_row css=&#8221;.vc_custom_1713229580882{background-color: #000000 !important;}&#8221;][vc_column][vc_empty_space height=&#8221;100px&#8221;][\/vc_column][\/vc_row][vc_row full_width=&#8221;stretch_row_content_no_spaces&#8221; css=&#8221;.vc_custom_1713994604563{background-image: url(https:\/\/curiafilms.com\/wp-content\/uploads\/2024\/04\/cinema_room-1.png?id=5441) !important;background-position: center !important;background-repeat: no-repeat !important;background-size: cover !important;}&#8221;][vc_column width=&#8221;1\/3&#8243;][\/vc_column][vc_column width=&#8221;1\/3&#8243;][vc_empty_space height=&#8221;150px&#8221;][vc_empty_space height=&#8221;10px&#8221;][vc_column_text css=&#8221;.vc_custom_1722216428195{padding-right: 10px !important;padding-left: 10px !important;}&#8221;] Curia Films es tu socio ideal para la producci\u00f3n de videos de alta calidad. Con un enfoque centrado en tus objetivos, creamos contenido visual impactante que conecta con tu audiencia y [&hellip;]<\/p>\n","protected":false},"author":1,"featured_media":0,"parent":0,"menu_order":0,"comment_status":"closed","ping_status":"closed","template":"","meta":{"footnotes":""},"class_list":["post-5439","page","type-page","status-publish","hentry"],"_links":{"self":[{"href":"https:\/\/curiafilms.com\/index.php\/wp-json\/wp\/v2\/pages\/5439","targetHints":{"allow":["GET"]}}],"collection":[{"href":"https:\/\/curiafilms.com\/index.php\/wp-json\/wp\/v2\/pages"}],"about":[{"href":"https:\/\/curiafilms.com\/index.php\/wp-json\/wp\/v2\/types\/page"}],"author":[{"embeddable":true,"href":"https:\/\/curiafilms.com\/index.php\/wp-json\/wp\/v2\/users\/1"}],"replies":[{"embeddable":true,"href":"https:\/\/curiafilms.com\/index.php\/wp-json\/wp\/v2\/comments?post=5439"}],"version-history":[{"count":37,"href":"https:\/\/curiafilms.com\/index.php\/wp-json\/wp\/v2\/pages\/5439\/revisions"}],"predecessor-version":[{"id":5792,"href":"https:\/\/curiafilms.com\/index.php\/wp-json\/wp\/v2\/pages\/5439\/revisions\/5792"}],"wp:attachment":[{"href":"https:\/\/curiafilms.com\/index.php\/wp-json\/wp\/v2\/media?parent=5439"}],"curies":[{"name":"wp","href":"https:\/\/api.w.org\/{rel}","templated":true}]}}