{"id":5614,"date":"2024-06-30T02:08:12","date_gmt":"2024-06-30T02:08:12","guid":{"rendered":"https:\/\/curiafilms.com\/?page_id=5614"},"modified":"2024-07-29T01:32:52","modified_gmt":"2024-07-29T01:32:52","slug":"fotografia","status":"publish","type":"page","link":"https:\/\/curiafilms.com\/index.php\/fotografia\/","title":{"rendered":"Fotograf\u00eda"},"content":{"rendered":"<p>[vc_row css=&#8221;.vc_custom_1713229580882{background-color: #000000 !important;}&#8221;][vc_column][vc_empty_space height=&#8221;100px&#8221;][\/vc_column][\/vc_row][vc_row full_width=&#8221;stretch_row_content_no_spaces&#8221; css=&#8221;.vc_custom_1719713815529{background-image: url(https:\/\/curiafilms.com\/wp-content\/uploads\/2024\/06\/photopro.png?id=5618) !important;background-position: center !important;background-repeat: no-repeat !important;background-size: cover !important;}&#8221;][vc_column width=&#8221;1\/3&#8243;][\/vc_column][vc_column width=&#8221;1\/3&#8243;][vc_empty_space height=&#8221;150px&#8221;]<div  class=\"kolaso_heading\"><div class=\"heading  text-center text-dark heading-4\"><h6 class=\"heading-title\" style=\"color:#ffffff;font-size:36px;\">Fotograf\u00eda<\/h6><\/div><\/div>[vc_empty_space height=&#8221;10px&#8221;][vc_column_text css=&#8221;.vc_custom_1722216770486{padding-right: 15px !important;padding-left: 15px !important;}&#8221;]<\/p>\n<p style=\"text-align: justify;\"><span style=\"color: #ffffff;\">En Curia Films, la fotograf\u00eda es donde la t\u00e9cnica se encuentra con la creatividad, capturando momentos y emociones a trav\u00e9s del lente. Nos enfocamos en la composici\u00f3n, la iluminaci\u00f3n y la narrativa visual para contar historias poderosas. Vemos el mundo desde perspectivas \u00fanicas, llevando tu proyecto al m\u00e1ximo impacto visual.<\/span><\/p>\n<p>[\/vc_column_text][vc_empty_space height=&#8221;150px&#8221;][\/vc_column][vc_column width=&#8221;1\/3&#8243;][\/vc_column][\/vc_row][vc_row full_width=&#8221;stretch_row&#8221; equal_height=&#8221;yes&#8221; content_placement=&#8221;middle&#8221; css=&#8221;.vc_custom_1713233760267{background-image: url(https:\/\/curiafilms.com\/wp-content\/uploads\/2023\/12\/CURIA-presskit_Pagina_7-e1702857273466.png?id=5331) !important;background-position: center !important;background-repeat: no-repeat !important;background-size: cover !important;}&#8221;][vc_column width=&#8221;1\/6&#8243; offset=&#8221;vc_col-xs-6&#8243;][vc_images_carousel images=&#8221;5620,5621,5622,5623,5625,5626,5627,5628,5629,5630&#8243; img_size=&#8221;&#8221; onclick=&#8221;link_no&#8221; mode=&#8221;vertical&#8221; speed=&#8221;600&#8243; slides_per_view=&#8221;4&#8243; autoplay=&#8221;yes&#8221; hide_pagination_control=&#8221;yes&#8221; hide_prev_next_buttons=&#8221;yes&#8221; partial_view=&#8221;yes&#8221; wrap=&#8221;yes&#8221; css_animation=&#8221;top-to-bottom&#8221;][\/vc_column][vc_column width=&#8221;1\/6&#8243; offset=&#8221;vc_col-xs-6&#8243;][vc_images_carousel images=&#8221;5631,5632,5633,5634,5635,5636,5637,5638,5639,5640&#8243; img_size=&#8221;&#8221; onclick=&#8221;link_no&#8221; mode=&#8221;vertical&#8221; speed=&#8221;500&#8243; slides_per_view=&#8221;4&#8243; autoplay=&#8221;yes&#8221; hide_pagination_control=&#8221;yes&#8221; hide_prev_next_buttons=&#8221;yes&#8221; partial_view=&#8221;yes&#8221; wrap=&#8221;yes&#8221; css_animation=&#8221;top-to-bottom&#8221;][\/vc_column][vc_column width=&#8221;1\/6&#8243; offset=&#8221;vc_hidden-sm vc_col-xs-6 vc_hidden-xs&#8221;][vc_images_carousel images=&#8221;5641,5642,5643,5644,5645,5646,5647,5648,5649,5650&#8243; img_size=&#8221;&#8221; onclick=&#8221;link_no&#8221; mode=&#8221;vertical&#8221; speed=&#8221;400&#8243; slides_per_view=&#8221;4&#8243; autoplay=&#8221;yes&#8221; hide_pagination_control=&#8221;yes&#8221; hide_prev_next_buttons=&#8221;yes&#8221; partial_view=&#8221;yes&#8221; wrap=&#8221;yes&#8221; css_animation=&#8221;top-to-bottom&#8221;][\/vc_column][vc_column width=&#8221;1\/6&#8243; offset=&#8221;vc_hidden-sm vc_col-xs-6 vc_hidden-xs&#8221;][vc_images_carousel images=&#8221;5651,5652,5653,5654,5655,5656,5657,5658,5659,5660&#8243; img_size=&#8221;&#8221; onclick=&#8221;link_no&#8221; mode=&#8221;vertical&#8221; speed=&#8221;300&#8243; slides_per_view=&#8221;4&#8243; autoplay=&#8221;yes&#8221; hide_pagination_control=&#8221;yes&#8221; hide_prev_next_buttons=&#8221;yes&#8221; partial_view=&#8221;yes&#8221; wrap=&#8221;yes&#8221; css_animation=&#8221;top-to-bottom&#8221;][\/vc_column][vc_column width=&#8221;1\/6&#8243; offset=&#8221;vc_hidden-sm vc_col-xs-6 vc_hidden-xs&#8221;][vc_images_carousel images=&#8221;5661,5662,5663,5664,5665,5666,5667,5668,5669,5670&#8243; img_size=&#8221;&#8221; onclick=&#8221;link_no&#8221; mode=&#8221;vertical&#8221; speed=&#8221;200&#8243; slides_per_view=&#8221;4&#8243; autoplay=&#8221;yes&#8221; hide_pagination_control=&#8221;yes&#8221; hide_prev_next_buttons=&#8221;yes&#8221; partial_view=&#8221;yes&#8221; wrap=&#8221;yes&#8221; css_animation=&#8221;top-to-bottom&#8221;][\/vc_column][vc_column width=&#8221;1\/6&#8243; offset=&#8221;vc_hidden-sm vc_col-xs-6 vc_hidden-xs&#8221;][vc_images_carousel images=&#8221;5671,5672,5673,5674,5675,5676,5677,5678,5679,5680&#8243; img_size=&#8221;&#8221; onclick=&#8221;link_no&#8221; mode=&#8221;vertical&#8221; speed=&#8221;100&#8243; slides_per_view=&#8221;4&#8243; autoplay=&#8221;yes&#8221; hide_pagination_control=&#8221;yes&#8221; hide_prev_next_buttons=&#8221;yes&#8221; partial_view=&#8221;yes&#8221; wrap=&#8221;yes&#8221; css_animation=&#8221;top-to-bottom&#8221;][\/vc_column][\/vc_row][vc_row full_width=&#8221;stretch_row&#8221; css=&#8221;.vc_custom_1555325273244{padding-top: 100px !important;padding-bottom: 100px !important;}&#8221;][vc_column]<div  class=\"kolaso_heading\"><div class=\"heading  text-left heading-1\"><div class=\"heading-subtitle\" style=\"\">Si lo puedes imaginar, nosotros lo creamos.<\/div> <h2 class=\"heading-title\" style=\"\">Enamorate de nuestro servicio, siente el placer de trabajar con los disruptivos, los que rompen esquemas.<\/h2><\/div><\/div>[vc_empty_space][vc_column_text]<\/p>\n<p style=\"text-align: justify;\">Pasamos por un proceso minucioso de desarrollo, preproducci\u00f3n, producci\u00f3n y postproducci\u00f3n, desde la gesti\u00f3n del proyecto, crear un gui\u00f3n, la organizaci\u00f3n de recursos materiales, t\u00e9cnicos, humanos y financieros, la ejecuci\u00f3n de realizaci\u00f3n, el armado en el montaje, edici\u00f3n y lanzamiento.<\/p>\n<p>[\/vc_column_text][vc_empty_space]<div  class=\"kolaso_button btn-center \"><a href=\"https:\/\/api.whatsapp.com\/send?phone=5215546479568&#038;text=%C2%A1Hola!%2C%20deseo%20informaci%C3%B3n%20sobre%20sus%20servicios.\" title=\"Cont\u00e1ctanos\" target=\"_self\" class=\"btn btn-white btn-rounded btn-shadow\" style=\"background-color:;\">Cont\u00e1ctanos<\/a><\/div>[\/vc_column][\/vc_row]<\/p>\n","protected":false},"excerpt":{"rendered":"<p>[vc_row css=&#8221;.vc_custom_1713229580882{background-color: #000000 !important;}&#8221;][vc_column][vc_empty_space height=&#8221;100px&#8221;][\/vc_column][\/vc_row][vc_row full_width=&#8221;stretch_row_content_no_spaces&#8221; css=&#8221;.vc_custom_1719713815529{background-image: url(https:\/\/curiafilms.com\/wp-content\/uploads\/2024\/06\/photopro.png?id=5618) !important;background-position: center !important;background-repeat: no-repeat !important;background-size: cover !important;}&#8221;][vc_column width=&#8221;1\/3&#8243;][\/vc_column][vc_column width=&#8221;1\/3&#8243;][vc_empty_space height=&#8221;150px&#8221;][vc_empty_space height=&#8221;10px&#8221;][vc_column_text css=&#8221;.vc_custom_1722216770486{padding-right: 15px !important;padding-left: 15px !important;}&#8221;] En Curia Films, la fotograf\u00eda es donde la t\u00e9cnica se encuentra con la creatividad, capturando momentos y emociones a trav\u00e9s del lente. Nos enfocamos en la composici\u00f3n, la iluminaci\u00f3n y la [&hellip;]<\/p>\n","protected":false},"author":1,"featured_media":0,"parent":0,"menu_order":0,"comment_status":"closed","ping_status":"closed","template":"","meta":{"footnotes":""},"class_list":["post-5614","page","type-page","status-publish","hentry"],"_links":{"self":[{"href":"https:\/\/curiafilms.com\/index.php\/wp-json\/wp\/v2\/pages\/5614","targetHints":{"allow":["GET"]}}],"collection":[{"href":"https:\/\/curiafilms.com\/index.php\/wp-json\/wp\/v2\/pages"}],"about":[{"href":"https:\/\/curiafilms.com\/index.php\/wp-json\/wp\/v2\/types\/page"}],"author":[{"embeddable":true,"href":"https:\/\/curiafilms.com\/index.php\/wp-json\/wp\/v2\/users\/1"}],"replies":[{"embeddable":true,"href":"https:\/\/curiafilms.com\/index.php\/wp-json\/wp\/v2\/comments?post=5614"}],"version-history":[{"count":7,"href":"https:\/\/curiafilms.com\/index.php\/wp-json\/wp\/v2\/pages\/5614\/revisions"}],"predecessor-version":[{"id":5793,"href":"https:\/\/curiafilms.com\/index.php\/wp-json\/wp\/v2\/pages\/5614\/revisions\/5793"}],"wp:attachment":[{"href":"https:\/\/curiafilms.com\/index.php\/wp-json\/wp\/v2\/media?parent=5614"}],"curies":[{"name":"wp","href":"https:\/\/api.w.org\/{rel}","templated":true}]}}